{"id":957,"date":"2023-09-22T11:04:24","date_gmt":"2023-09-22T09:04:24","guid":{"rendered":"https:\/\/h2geo.komag.eu\/?page_id=957"},"modified":"2025-10-08T15:10:45","modified_gmt":"2025-10-08T13:10:45","slug":"about","status":"publish","type":"page","link":"https:\/\/elbio.komag.eu\/index.php\/about\/","title":{"rendered":"O projekcie"},"content":{"rendered":"\n<div class=\"wp-block-group is-vertical is-layout-flex wp-container-core-group-is-layout-8cf370e7 wp-block-group-is-layout-flex\">\n<div style=\"height:0px\" aria-hidden=\"true\" class=\"wp-block-spacer wp-container-content-728072c3\"><\/div>\n\n\n\n<p class=\"has-medium-font-size\" style=\"font-style:normal;font-weight:700\">Streszczenie<\/p>\n\n\n\n<p><\/p>\n\n\n\n<p>Projekt koncentruje si\u0119 na problemie zagospodarowania teren\u00f3w zdegradowanych przez dzia\u0142alno\u015b\u0107 g\u00f3rnicz\u0105, w szczeg\u00f3lno\u015bci ha\u0142d odpad\u00f3w pochodz\u0105cych z wydobycia i przer\u00f3bki w\u0119gla kamiennego. Ha\u0142dy te wywieraj\u0105 d\u0142ugotrwa\u0142y i wieloaspektowy wp\u0142yw na \u015brodowisko \u2013 od degradacji gleb, zanieczyszczenia w\u00f3d i powietrza, po zagro\u017cenia w postaci erozji, osuwisk czy po\u017car\u00f3w wewn\u0119trznych. W Polsce zajmuj\u0105 one ponad 11 tys. hektar\u00f3w, g\u0142\u00f3wnie w regionach o intensywnej tradycji g\u00f3rniczej.<\/p>\n\n\n\n<p>Dotychczasowe dzia\u0142ania w zakresie ich zagospodarowania by\u0142y niewystarczaj\u0105ce, co potwierdzaj\u0105 raporty NIK wskazuj\u0105ce na przekroczenia norm \u015brodowiskowych oraz ryzyko nielegalnego deponowania odpad\u00f3w. Skala problemu oraz obowi\u0105zuj\u0105ce przepisy prawne sprawiaj\u0105, \u017ce rewitalizacja tych obszar\u00f3w staje si\u0119 kwesti\u0105 o znaczeniu nie tylko ekologicznym, ale i spo\u0142ecznym oraz gospodarczym.<\/p>\n\n\n\n<p>Projekt zak\u0142ada przeprowadzenie bada\u0144 i opracowanie innowacyjnych technologii, kt\u00f3re pozwol\u0105 na przywr\u00f3cenie warto\u015bci przyrodniczych i u\u017cytkowych ha\u0142d. W efekcie mo\u017cliwe b\u0119dzie ograniczenie ich szkodliwego oddzia\u0142ywania, poprawa lokalnych warunk\u00f3w \u015brodowiskowych, rozw\u00f3j bior\u00f3\u017cnorodno\u015bci oraz stworzenie nowych mo\u017cliwo\u015bci wykorzystania tych teren\u00f3w przez spo\u0142eczno\u015bci lokalne.<\/p>\n\n\n\n<p><\/p>\n\n\n\n<div style=\"height:0px\" aria-hidden=\"true\" class=\"wp-block-spacer wp-container-content-728072c3\"><\/div>\n\n\n\n<details class=\"wp-block-details has-medium-font-size is-layout-flow wp-block-details-is-layout-flow\" style=\"font-style:normal;font-weight:700\"><summary>Cele projektu<\/summary>\n<p style=\"font-style:normal;font-weight:100\">1. Rewitalizacja ha\u0142d pog\u00f3rniczych i przywr\u00f3cenie im funkcji u\u017cytkowej.<br>2. Ograniczenie negatywnego wp\u0142ywu ha\u0142d na \u015brodowisko (gleb\u0119, wod\u0119, powietrze, krajobraz, faun\u0119 i flor\u0119).<br>3. Stworzenie systemu monitorowania parametr\u00f3w \u015brodowiskowych (gleby, wody, powietrza) dla oceny skuteczno\u015bci rewitalizacji. <br>4. Opracowanie metod stabilizacji ha\u0142d z wykorzystaniem biodegradowalnych materia\u0142\u00f3w (np. we\u0142ny owczej, konopi).<br>5. Rozw\u00f3j technologii aplikacji bioodpad\u00f3w do gruntu w celu poprawy jako\u015bci gleby i zwi\u0119kszenia bior\u00f3\u017cnorodno\u015bci. <br>6. Zaprojektowanie systemu obiegu wody deszczowej, kt\u00f3ry ograniczy wyp\u0142ukiwanie zanieczyszcze\u0144 i poprawi retencj\u0119 wody. <br>7. Przeciwdzia\u0142anie zagro\u017ceniom ekologicznym takim jak erozja, osuwiska, po\u017cary czy emisja py\u0142\u00f3w. <br>8. Przywr\u00f3cenie obszar\u00f3w zdegradowanych do u\u017cytku spo\u0142eczno\u015bci lokalnych i wzmocnienie lokalnej bior\u00f3\u017cnorodno\u015bci. <br>9. Opracowanie wirtualnej\/interaktywnej ha\u0142dy z zaimplementowanymi rozwi\u0105zaniami i przewodnikiem dla inwestor\u00f3w.<\/p>\n<\/details>\n\n\n\n<details class=\"wp-block-details has-medium-font-size is-layout-flow wp-block-details-is-layout-flow\" style=\"font-style:normal;font-weight:700\"><summary>Prace badawcze i konceptowe<\/summary>\n<div style=\"height:10px\" aria-hidden=\"true\" class=\"wp-block-spacer\"><\/div>\n\n\n\n<ul class=\"wp-block-list\">\n<li style=\"font-size:16px;font-style:normal;font-weight:400\">1. Duis porta feugiat orci, eget tristique turpis efficitur vitae.<\/li>\n\n\n\n<li style=\"font-size:16px;font-style:normal;font-weight:400\">2. Proin id justo lobortis, porttitor velit ut, viverra mi.&nbsp;<\/li>\n\n\n\n<li style=\"font-size:16px;font-style:normal;font-weight:400\">3. Duis sed magna nec erat varius molestie.<\/li>\n\n\n\n<li style=\"font-size:16px;font-style:normal;font-weight:400\">4. Praesent vulputate, nulla vel tincidunt dignissim, nulla augue interdum odio.<\/li>\n<\/ul>\n\n\n\n<div style=\"height:10px\" aria-hidden=\"true\" class=\"wp-block-spacer\"><\/div>\n<\/details>\n\n\n\n<div style=\"height:0px\" aria-hidden=\"true\" class=\"wp-block-spacer wp-container-content-728072c3\"><\/div>\n\n\n\n<p>Projekt obejmuje czteroetapowe prace badawczo-rozwojowe nad rewitalizacj\u0105 ha\u0142d pog\u00f3rniczych. W pierwszej fazie prowadzone s\u0105 analizy gleby, wody i mo\u017cliwo\u015bci odbudowy bior\u00f3\u017cnorodno\u015bci oraz opracowywane s\u0105 koncepcje system\u00f3w monitorowania i stabilizacji ha\u0142d. Kolejny etap dotyczy bada\u0144 techniczno-ekonomicznych i tworzenia modelu geometrycznego ha\u0142dy. Nast\u0119pnie opracowywane s\u0105 rozwi\u0105zania oparte na bioodpadach i materia\u0142ach biodegradowalnych, a tak\u017ce przygotowywane zg\u0142oszenia patentowe. Ostatnia faza przewiduje stworzenie demonstracyjnych narz\u0119dzi, w tym wirtualnego modelu 3D ha\u0142dy oraz przewodnika dla inwestor\u00f3w. Efektem prac b\u0119dzie zestaw innowacyjnych technologii umo\u017cliwiaj\u0105cych ograniczenie wp\u0142ywu ha\u0142d na \u015brodowisko i przywr\u00f3cenie im warto\u015bci u\u017cytkowych.<\/p>\n\n\n\n<div style=\"height:0px\" aria-hidden=\"true\" class=\"wp-block-spacer wp-container-content-728072c3\"><\/div>\n\n\n\n<div style=\"height:0px\" aria-hidden=\"true\" class=\"wp-block-spacer wp-container-content-728072c3\"><\/div>\n\n\n\n<div style=\"height:0px\" aria-hidden=\"true\" class=\"wp-block-spacer wp-container-content-42c95ffb\"><\/div>\n<\/div>\n","protected":false},"excerpt":{"rendered":"<p>Streszczenie Projekt koncentruje si\u0119 na problemie zagospodarowania teren\u00f3w zdegradowanych przez dzia\u0142alno\u015b\u0107 g\u00f3rnicz\u0105, w szczeg\u00f3lno\u015bci ha\u0142d odpad\u00f3w pochodz\u0105cych z wydobycia i przer\u00f3bki w\u0119gla kamiennego. Ha\u0142dy te wywieraj\u0105 d\u0142ugotrwa\u0142y i wieloaspektowy wp\u0142yw na \u015brodowisko \u2013 od degradacji gleb, zanieczyszczenia w\u00f3d i powietrza,<\/p>\n","protected":false},"author":1,"featured_media":0,"parent":0,"menu_order":0,"comment_status":"closed","ping_status":"closed","template":"","meta":{"footnotes":""},"class_list":["post-957","page","type-page","status-publish","hentry"],"_links":{"self":[{"href":"https:\/\/elbio.komag.eu\/index.php\/wp-json\/wp\/v2\/pages\/957","targetHints":{"allow":["GET"]}}],"collection":[{"href":"https:\/\/elbio.komag.eu\/index.php\/wp-json\/wp\/v2\/pages"}],"about":[{"href":"https:\/\/elbio.komag.eu\/index.php\/wp-json\/wp\/v2\/types\/page"}],"author":[{"embeddable":true,"href":"https:\/\/elbio.komag.eu\/index.php\/wp-json\/wp\/v2\/users\/1"}],"replies":[{"embeddable":true,"href":"https:\/\/elbio.komag.eu\/index.php\/wp-json\/wp\/v2\/comments?post=957"}],"version-history":[{"count":4,"href":"https:\/\/elbio.komag.eu\/index.php\/wp-json\/wp\/v2\/pages\/957\/revisions"}],"predecessor-version":[{"id":1183,"href":"https:\/\/elbio.komag.eu\/index.php\/wp-json\/wp\/v2\/pages\/957\/revisions\/1183"}],"wp:attachment":[{"href":"https:\/\/elbio.komag.eu\/index.php\/wp-json\/wp\/v2\/media?parent=957"}],"curies":[{"name":"wp","href":"https:\/\/api.w.org\/{rel}","templated":true}]}}